{"id":10751,"date":"2016-03-07T03:10:46","date_gmt":"2016-03-07T02:10:46","guid":{"rendered":"https:\/\/www.gavias-theme.com\/wp\/indutri\/?page_id=610"},"modified":"2023-09-11T21:52:28","modified_gmt":"2023-09-11T19:52:28","slug":"contact-page","status":"publish","type":"page","link":"https:\/\/bajafa.hu\/?page_id=10751","title":{"rendered":"Kapcsolat"},"content":{"rendered":"\t\t<div data-elementor-type=\"wp-post\" data-elementor-id=\"10751\" class=\"elementor elementor-10751\">\n\t\t\t\t\t\t<section class=\"elementor-section elementor-top-section elementor-element elementor-element-0baf9bc elementor-section-boxed elementor-section-height-default elementor-section-height-default\" data-id=\"0baf9bc\" data-element_type=\"section\" data-e-type=\"section\">\n\t\t\t\t\t\t<div class=\"elementor-container elementor-column-gap-default\">\n\t\t\t\t\t<div class=\"elementor-column elementor-col-50 elementor-top-column elementor-element elementor-element-933d560 top column-style-top\" data-id=\"933d560\" data-element_type=\"column\" data-e-type=\"column\">\n\t\t\t<div class=\"elementor-widget-wrap elementor-element-populated\">\n\t\t\t\t\t\t<div class=\"elementor-element elementor-element-6e2599a elementor-widget elementor-widget-gva-heading-block\" data-id=\"6e2599a\" data-element_type=\"widget\" data-e-type=\"widget\" data-widget_type=\"gva-heading-block.default\">\n\t\t\t\t<div class=\"elementor-widget-container\">\n\t\t\t\t\t<div class=\"gva-element-gva-heading-block gva-element\">   <div class=\"align-left style-1 widget gsc-heading box-align-left\">\r\n      <div class=\"content-inner\">\r\n         \r\n                  \r\n           \r\n         \r\n                     <h2 class=\"title\">\r\n               <span>H\u00edvjon fel minket VAGY k\u00fcldj\u00f6n nek\u00fcnk \u00fczenetet<\/span>\r\n            <\/h2>\r\n                  \r\n         \r\n      <\/div>\r\n   <\/div>\r\n   <div class=\"clearfix\"><\/div>\r\n<\/div>\t\t\t\t<\/div>\n\t\t\t\t<\/div>\n\t\t\t\t<div class=\"elementor-element elementor-element-3973e03c elementor-position-inline-start keep-icon-box-left icon-color-theme elementor-view-default elementor-mobile-position-block-start elementor-widget elementor-widget-icon-box\" data-id=\"3973e03c\" data-element_type=\"widget\" data-e-type=\"widget\" data-widget_type=\"icon-box.default\">\n\t\t\t\t<div class=\"elementor-widget-container\">\n\t\t\t\t\t\t\t<div class=\"elementor-icon-box-wrapper\">\n\n\t\t\t\t\t\t<div class=\"elementor-icon-box-icon\">\n\t\t\t\t<span  class=\"elementor-icon\">\n\t\t\t\t<i aria-hidden=\"true\" class=\"fi flaticon-email\"><\/i>\t\t\t\t<\/span>\n\t\t\t<\/div>\n\t\t\t\n\t\t\t\t\t\t<div class=\"elementor-icon-box-content\">\n\n\t\t\t\t\t\t\t\t\t<h3 class=\"elementor-icon-box-title\">\n\t\t\t\t\t\t<span  >\n\t\t\t\t\t\t\tEmail\t\t\t\t\t\t<\/span>\n\t\t\t\t\t<\/h3>\n\t\t\t\t\n\t\t\t\t\t\t\t\t\t<p class=\"elementor-icon-box-description\">\n\t\t\t\t\t\t<a href=\"mailto:info@bajafa.hu\">info@bajafa.hu<\/a>\t\t\t\t\t<\/p>\n\t\t\t\t\n\t\t\t<\/div>\n\t\t\t\n\t\t<\/div>\n\t\t\t\t\t\t<\/div>\n\t\t\t\t<\/div>\n\t\t\t\t<div class=\"elementor-element elementor-element-d4e8923 elementor-position-inline-start keep-icon-box-left icon-color-theme elementor-view-default elementor-mobile-position-block-start elementor-widget elementor-widget-icon-box\" data-id=\"d4e8923\" data-element_type=\"widget\" data-e-type=\"widget\" data-widget_type=\"icon-box.default\">\n\t\t\t\t<div class=\"elementor-widget-container\">\n\t\t\t\t\t\t\t<div class=\"elementor-icon-box-wrapper\">\n\n\t\t\t\t\t\t<div class=\"elementor-icon-box-icon\">\n\t\t\t\t<span  class=\"elementor-icon\">\n\t\t\t\t<i aria-hidden=\"true\" class=\"fi flaticon-calling\"><\/i>\t\t\t\t<\/span>\n\t\t\t<\/div>\n\t\t\t\n\t\t\t\t\t\t<div class=\"elementor-icon-box-content\">\n\n\t\t\t\t\t\t\t\t\t<h3 class=\"elementor-icon-box-title\">\n\t\t\t\t\t\t<span  >\n\t\t\t\t\t\t\tTelefon\t\t\t\t\t\t<\/span>\n\t\t\t\t\t<\/h3>\n\t\t\t\t\n\t\t\t\t\t\t\t\t\t<p class=\"elementor-icon-box-description\">\n\t\t\t\t\t\t<a href=\"tel:+36 20 443 8157\">+36 20 443 8157<\/a>\t\t\t\t\t<\/p>\n\t\t\t\t\n\t\t\t<\/div>\n\t\t\t\n\t\t<\/div>\n\t\t\t\t\t\t<\/div>\n\t\t\t\t<\/div>\n\t\t\t\t<div class=\"elementor-element elementor-element-2ab783f5 elementor-position-inline-start keep-icon-box-left icon-color-theme elementor-view-default elementor-mobile-position-block-start elementor-widget elementor-widget-icon-box\" data-id=\"2ab783f5\" data-element_type=\"widget\" data-e-type=\"widget\" data-widget_type=\"icon-box.default\">\n\t\t\t\t<div class=\"elementor-widget-container\">\n\t\t\t\t\t\t\t<div class=\"elementor-icon-box-wrapper\">\n\n\t\t\t\t\t\t<div class=\"elementor-icon-box-icon\">\n\t\t\t\t<span  class=\"elementor-icon\">\n\t\t\t\t<i aria-hidden=\"true\" class=\"fi flaticon-address\"><\/i>\t\t\t\t<\/span>\n\t\t\t<\/div>\n\t\t\t\n\t\t\t\t\t\t<div class=\"elementor-icon-box-content\">\n\n\t\t\t\t\t\t\t\t\t<h3 class=\"elementor-icon-box-title\">\n\t\t\t\t\t\t<span  >\n\t\t\t\t\t\t\t Telephely\t\t\t\t\t\t<\/span>\n\t\t\t\t\t<\/h3>\n\t\t\t\t\n\t\t\t\t\t\t\t\t\t<p class=\"elementor-icon-box-description\">\n\t\t\t\t\t\t<a href=\"https:\/\/www.google.com\/maps\/place\/B\u00c1-JA-FA+Kft.\/@47.1490215,18.0206033,15z\/data=!4m2!3m1!1s0x0:0xa497656c7daf10d0?sa=X&amp;ved=2ahUKEwjzqrm2x5uBAxXVhf0HHS8IAeQQ_BJ6BAhAEAA&amp;ved=2ahUKEwjzqrm2x5uBAxXVhf0HHS8IAeQQ_BJ6BAhOEAg\">\nHajm\u00e1sk\u00e9r, Iskola utca 7, 8192 <\/a>\t\t\t\t\t<\/p>\n\t\t\t\t\n\t\t\t<\/div>\n\t\t\t\n\t\t<\/div>\n\t\t\t\t\t\t<\/div>\n\t\t\t\t<\/div>\n\t\t\t\t\t<\/div>\n\t\t<\/div>\n\t\t\t\t<div class=\"elementor-column elementor-col-50 elementor-top-column elementor-element elementor-element-a46074e top column-style-top\" data-id=\"a46074e\" data-element_type=\"column\" data-e-type=\"column\">\n\t\t\t<div class=\"elementor-widget-wrap elementor-element-populated\">\n\t\t\t\t\t\t<div class=\"elementor-element elementor-element-e999300 width-800 elementor-widget elementor-widget-shortcode\" data-id=\"e999300\" data-element_type=\"widget\" data-e-type=\"widget\" data-widget_type=\"shortcode.default\">\n\t\t\t\t<div class=\"elementor-widget-container\">\n\t\t\t\t\t\t\t<div class=\"elementor-shortcode\">\n<div class=\"wpcf7 no-js\" id=\"wpcf7-f13-o1\" lang=\"en-US\" dir=\"ltr\" data-wpcf7-id=\"13\">\n<div class=\"screen-reader-response\"><p role=\"status\" aria-live=\"polite\" aria-atomic=\"true\"><\/p> <ul><\/ul><\/div>\n<form action=\"\/index.php?rest_route=%2Fwp%2Fv2%2Fpages%2F10751#wpcf7-f13-o1\" method=\"post\" class=\"wpcf7-form init\" aria-label=\"Contact form\" novalidate=\"novalidate\" data-status=\"init\">\n<fieldset class=\"hidden-fields-container\"><input type=\"hidden\" name=\"_wpcf7\" value=\"13\" \/><input type=\"hidden\" name=\"_wpcf7_version\" value=\"6.1.5\" \/><input type=\"hidden\" name=\"_wpcf7_locale\" value=\"en_US\" \/><input type=\"hidden\" name=\"_wpcf7_unit_tag\" value=\"wpcf7-f13-o1\" \/><input type=\"hidden\" name=\"_wpcf7_container_post\" value=\"0\" \/><input type=\"hidden\" name=\"_wpcf7_posted_data_hash\" value=\"\" \/>\n<\/fieldset>\n<label> Neved\n    <span class=\"wpcf7-form-control-wrap\" data-name=\"your-name\"><input size=\"40\" maxlength=\"400\" class=\"wpcf7-form-control wpcf7-text wpcf7-validates-as-required\" autocomplete=\"name\" aria-required=\"true\" aria-invalid=\"false\" value=\"\" type=\"text\" name=\"your-name\" \/><\/span> <\/label>\n\n<label> Email c\u00edmed\n    <span class=\"wpcf7-form-control-wrap\" data-name=\"your-email\"><input size=\"40\" maxlength=\"400\" class=\"wpcf7-form-control wpcf7-email wpcf7-validates-as-required wpcf7-text wpcf7-validates-as-email\" autocomplete=\"email\" aria-required=\"true\" aria-invalid=\"false\" value=\"\" type=\"email\" name=\"your-email\" \/><\/span> <\/label>\n\n<label> T\u00e1rgy\n    <span class=\"wpcf7-form-control-wrap\" data-name=\"your-subject\"><input size=\"40\" maxlength=\"400\" class=\"wpcf7-form-control wpcf7-text wpcf7-validates-as-required\" aria-required=\"true\" aria-invalid=\"false\" value=\"\" type=\"text\" name=\"your-subject\" \/><\/span> <\/label>\n\n<label> \u00dczenet\n    <span class=\"wpcf7-form-control-wrap\" data-name=\"your-message\"><textarea cols=\"40\" rows=\"10\" maxlength=\"2000\" class=\"wpcf7-form-control wpcf7-textarea wpcf7-validates-as-required\" aria-required=\"true\" aria-invalid=\"false\" name=\"your-message\"><\/textarea><\/span> <\/label>\n\n\n<span class=\"wpcf7-form-control-wrap\" data-name=\"checkbox-815\"><span class=\"wpcf7-form-control wpcf7-checkbox wpcf7-validates-as-required wpcf7-exclusive-checkbox\"><span class=\"wpcf7-list-item first last\"><label><span class=\"wpcf7-list-item-label\">Adatkezel\u00e9si hozz\u00e1j\u00e1rul\u00e1s<\/span><input type=\"checkbox\" name=\"checkbox-815\" value=\"Adatkezel\u00e9si hozz\u00e1j\u00e1rul\u00e1s\" \/><\/label><\/span><\/span><\/span> \n\n<\/br>\n\n<a href=\"https:\/\/bajafa.hu\/?page_id=3\" target=\"_blank\"> Adatkezel\u00e9si nyilatkozat megtekint\u00e9se <\/a>\n\n<\/br>\n\n<input class=\"wpcf7-form-control wpcf7-submit has-spinner\" type=\"submit\" value=\"K\u00fcld\u00e9s\" \/><div class=\"wpcf7-response-output\" aria-hidden=\"true\"><\/div>\n<\/form>\n<\/div>\n<\/div>\n\t\t\t\t\t\t<\/div>\n\t\t\t\t<\/div>\n\t\t\t\t\t<\/div>\n\t\t<\/div>\n\t\t\t\t\t<\/div>\n\t\t<\/section>\n\t\t\t\t<section class=\"elementor-section elementor-top-section elementor-element elementor-element-a6f08c9 elementor-section-full_width elementor-section-height-default elementor-section-height-default\" data-id=\"a6f08c9\" data-element_type=\"section\" data-e-type=\"section\">\n\t\t\t\t\t\t<div class=\"elementor-container elementor-column-gap-default\">\n\t\t\t\t\t<div class=\"elementor-column elementor-col-100 elementor-top-column elementor-element elementor-element-cc09dd8 top column-style-top\" data-id=\"cc09dd8\" data-element_type=\"column\" data-e-type=\"column\">\n\t\t\t<div class=\"elementor-widget-wrap elementor-element-populated\">\n\t\t\t\t\t\t<div class=\"elementor-element elementor-element-e14f9a1 elementor-widget elementor-widget-google_maps\" data-id=\"e14f9a1\" data-element_type=\"widget\" data-e-type=\"widget\" data-widget_type=\"google_maps.default\">\n\t\t\t\t<div class=\"elementor-widget-container\">\n\t\t\t\t\t\t\t<div class=\"elementor-custom-embed\">\n\t\t\t<iframe loading=\"lazy\"\n\t\t\t\t\tsrc=\"https:\/\/maps.google.com\/maps?q=B%C3%A1jafa&#038;t=m&#038;z=10&#038;output=embed&#038;iwloc=near\"\n\t\t\t\t\ttitle=\"B\u00e1jafa\"\n\t\t\t\t\taria-label=\"B\u00e1jafa\"\n\t\t\t><\/iframe>\n\t\t<\/div>\n\t\t\t\t\t\t<\/div>\n\t\t\t\t<\/div>\n\t\t\t\t\t<\/div>\n\t\t<\/div>\n\t\t\t\t\t<\/div>\n\t\t<\/section>\n\t\t\t\t<\/div>\n\t\t","protected":false},"excerpt":{"rendered":"<p>H\u00edvjon fel minket VAGY k\u00fcldj\u00f6n nek\u00fcnk \u00fczenetet Email info@bajafa.hu Telefon +36 20 443 8157 Telephely Hajm\u00e1sk\u00e9r, Iskola utca 7, 8192<\/p>\n","protected":false},"author":1,"featured_media":11326,"parent":0,"menu_order":0,"comment_status":"closed","ping_status":"closed","template":"","meta":{"footnotes":""},"class_list":["post-10751","page","type-page","status-publish","has-post-thumbnail","hentry"],"yoast_head":"<!-- This site is optimized with the Yoast SEO plugin v27.3 - https:\/\/yoast.com\/product\/yoast-seo-wordpress\/ -->\n<title>Kapcsolat - B\u00c1-JA-FA - T\u0171zifa - Emel\u0151kosaras aut\u00f3 - Veszpr\u00e9m megy\u00e9ben<\/title>\n<meta name=\"description\" content=\"L\u00e9pjen vel\u00fcnk kapcsolatba \u00e9s k\u00e9rjen ingyenes \u00e1raj\u00e1nlatot! T\u0171zifa \u00e9rt\u00e9kes\u00edt\u00e9s, emel\u0151kosaras aut\u00f3k b\u00e9rbead\u00e1sa, \u00e1gdar\u00e1l\u00e1s, z\u00f6ldter\u00fclet kezel\u00e9s, vesz\u00e9lyes f\u00e1k kiv\u00e1g\u00e1sa Veszpr\u00e9m megy\u00e9ben.\" \/>\n<meta name=\"robots\" content=\"index, follow, max-snippet:-1, max-image-preview:large, max-video-preview:-1\" \/>\n<link rel=\"canonical\" href=\"https:\/\/bajafa.hu\/?page_id=10751\" \/>\n<meta property=\"og:locale\" content=\"hu_HU\" \/>\n<meta property=\"og:type\" content=\"article\" \/>\n<meta property=\"og:title\" content=\"Kapcsolat - B\u00c1-JA-FA - T\u0171zifa - Emel\u0151kosaras aut\u00f3 - Veszpr\u00e9m megy\u00e9ben\" \/>\n<meta property=\"og:description\" content=\"L\u00e9pjen vel\u00fcnk kapcsolatba \u00e9s k\u00e9rjen ingyenes \u00e1raj\u00e1nlatot! T\u0171zifa \u00e9rt\u00e9kes\u00edt\u00e9s, emel\u0151kosaras aut\u00f3k b\u00e9rbead\u00e1sa, \u00e1gdar\u00e1l\u00e1s, z\u00f6ldter\u00fclet kezel\u00e9s, vesz\u00e9lyes f\u00e1k kiv\u00e1g\u00e1sa Veszpr\u00e9m megy\u00e9ben.\" \/>\n<meta property=\"og:url\" content=\"https:\/\/bajafa.hu\/?page_id=10751\" \/>\n<meta property=\"og:site_name\" content=\"B\u00c1-JA-FA\" \/>\n<meta property=\"article:publisher\" content=\"https:\/\/www.facebook.com\/emelokosarasautoberbeadas\/\" \/>\n<meta property=\"article:modified_time\" content=\"2023-09-11T19:52:28+00:00\" \/>\n<meta property=\"og:image\" content=\"http:\/\/bajafa.hu\/wp-content\/uploads\/2023\/09\/logo-1024x640.png\" \/>\n\t<meta property=\"og:image:width\" content=\"1024\" \/>\n\t<meta property=\"og:image:height\" content=\"640\" \/>\n\t<meta property=\"og:image:type\" content=\"image\/png\" \/>\n<meta name=\"twitter:card\" content=\"summary_large_image\" \/>\n<meta name=\"twitter:label1\" content=\"Becs\u00fclt olvas\u00e1si id\u0151\" \/>\n\t<meta name=\"twitter:data1\" content=\"1 perc\" \/>\n<script type=\"application\/ld+json\" class=\"yoast-schema-graph\">{\"@context\":\"https:\\\/\\\/schema.org\",\"@graph\":[{\"@type\":[\"WebPage\",\"ContactPage\"],\"@id\":\"https:\\\/\\\/bajafa.hu\\\/?page_id=10751\",\"url\":\"https:\\\/\\\/bajafa.hu\\\/?page_id=10751\",\"name\":\"Kapcsolat - B\u00c1-JA-FA - T\u0171zifa - Emel\u0151kosaras aut\u00f3 - Veszpr\u00e9m megy\u00e9ben\",\"isPartOf\":{\"@id\":\"https:\\\/\\\/bajafa.hu\\\/#website\"},\"primaryImageOfPage\":{\"@id\":\"https:\\\/\\\/bajafa.hu\\\/?page_id=10751#primaryimage\"},\"image\":{\"@id\":\"https:\\\/\\\/bajafa.hu\\\/?page_id=10751#primaryimage\"},\"thumbnailUrl\":\"https:\\\/\\\/bajafa.hu\\\/wp-content\\\/uploads\\\/2023\\\/09\\\/logo.png\",\"datePublished\":\"2016-03-07T02:10:46+00:00\",\"dateModified\":\"2023-09-11T19:52:28+00:00\",\"description\":\"L\u00e9pjen vel\u00fcnk kapcsolatba \u00e9s k\u00e9rjen ingyenes \u00e1raj\u00e1nlatot! T\u0171zifa \u00e9rt\u00e9kes\u00edt\u00e9s, emel\u0151kosaras aut\u00f3k b\u00e9rbead\u00e1sa, \u00e1gdar\u00e1l\u00e1s, z\u00f6ldter\u00fclet kezel\u00e9s, vesz\u00e9lyes f\u00e1k kiv\u00e1g\u00e1sa Veszpr\u00e9m megy\u00e9ben.\",\"breadcrumb\":{\"@id\":\"https:\\\/\\\/bajafa.hu\\\/?page_id=10751#breadcrumb\"},\"inLanguage\":\"hu\",\"potentialAction\":[{\"@type\":\"ReadAction\",\"target\":[\"https:\\\/\\\/bajafa.hu\\\/?page_id=10751\"]}]},{\"@type\":\"ImageObject\",\"inLanguage\":\"hu\",\"@id\":\"https:\\\/\\\/bajafa.hu\\\/?page_id=10751#primaryimage\",\"url\":\"https:\\\/\\\/bajafa.hu\\\/wp-content\\\/uploads\\\/2023\\\/09\\\/logo.png\",\"contentUrl\":\"https:\\\/\\\/bajafa.hu\\\/wp-content\\\/uploads\\\/2023\\\/09\\\/logo.png\",\"width\":3072,\"height\":1920,\"caption\":\"B\u00c1-JA-FA Kft - G\u00e9p park\"},{\"@type\":\"BreadcrumbList\",\"@id\":\"https:\\\/\\\/bajafa.hu\\\/?page_id=10751#breadcrumb\",\"itemListElement\":[{\"@type\":\"ListItem\",\"position\":1,\"name\":\"Kezd\u0151lap\",\"item\":\"https:\\\/\\\/bajafa.hu\\\/\"},{\"@type\":\"ListItem\",\"position\":2,\"name\":\"Kapcsolat\"}]},{\"@type\":\"WebSite\",\"@id\":\"https:\\\/\\\/bajafa.hu\\\/#website\",\"url\":\"https:\\\/\\\/bajafa.hu\\\/\",\"name\":\"B\u00c1-JA-FA\",\"description\":\"Ha baj a fa akkor, B\u00c1-JA-FA!\",\"publisher\":{\"@id\":\"https:\\\/\\\/bajafa.hu\\\/#organization\"},\"potentialAction\":[{\"@type\":\"SearchAction\",\"target\":{\"@type\":\"EntryPoint\",\"urlTemplate\":\"https:\\\/\\\/bajafa.hu\\\/?s={search_term_string}\"},\"query-input\":{\"@type\":\"PropertyValueSpecification\",\"valueRequired\":true,\"valueName\":\"search_term_string\"}}],\"inLanguage\":\"hu\"},{\"@type\":\"Organization\",\"@id\":\"https:\\\/\\\/bajafa.hu\\\/#organization\",\"name\":\"B\u00c1-JA-FA Kft\",\"url\":\"https:\\\/\\\/bajafa.hu\\\/\",\"logo\":{\"@type\":\"ImageObject\",\"inLanguage\":\"hu\",\"@id\":\"https:\\\/\\\/bajafa.hu\\\/#\\\/schema\\\/logo\\\/image\\\/\",\"url\":\"https:\\\/\\\/bajafa.hu\\\/wp-content\\\/uploads\\\/2019\\\/05\\\/logo_zold.png\",\"contentUrl\":\"https:\\\/\\\/bajafa.hu\\\/wp-content\\\/uploads\\\/2019\\\/05\\\/logo_zold.png\",\"width\":706,\"height\":828,\"caption\":\"B\u00c1-JA-FA Kft\"},\"image\":{\"@id\":\"https:\\\/\\\/bajafa.hu\\\/#\\\/schema\\\/logo\\\/image\\\/\"},\"sameAs\":[\"https:\\\/\\\/www.facebook.com\\\/emelokosarasautoberbeadas\\\/\",\"https:\\\/\\\/www.instagram.com\\\/emelokosarasauto\\\/\",\"https:\\\/\\\/www.tiktok.com\\\/@bajafa\",\"https:\\\/\\\/youtube.com\\\/@fakivagasagdaralastuskomar1392?si=vGZD5QrzLjsxsqRu\"]}]}<\/script>\n<!-- \/ Yoast SEO plugin. -->","yoast_head_json":{"title":"Kapcsolat - B\u00c1-JA-FA - T\u0171zifa - Emel\u0151kosaras aut\u00f3 - Veszpr\u00e9m megy\u00e9ben","description":"L\u00e9pjen vel\u00fcnk kapcsolatba \u00e9s k\u00e9rjen ingyenes \u00e1raj\u00e1nlatot! T\u0171zifa \u00e9rt\u00e9kes\u00edt\u00e9s, emel\u0151kosaras aut\u00f3k b\u00e9rbead\u00e1sa, \u00e1gdar\u00e1l\u00e1s, z\u00f6ldter\u00fclet kezel\u00e9s, vesz\u00e9lyes f\u00e1k kiv\u00e1g\u00e1sa Veszpr\u00e9m megy\u00e9ben.","robots":{"index":"index","follow":"follow","max-snippet":"max-snippet:-1","max-image-preview":"max-image-preview:large","max-video-preview":"max-video-preview:-1"},"canonical":"https:\/\/bajafa.hu\/?page_id=10751","og_locale":"hu_HU","og_type":"article","og_title":"Kapcsolat - B\u00c1-JA-FA - T\u0171zifa - Emel\u0151kosaras aut\u00f3 - Veszpr\u00e9m megy\u00e9ben","og_description":"L\u00e9pjen vel\u00fcnk kapcsolatba \u00e9s k\u00e9rjen ingyenes \u00e1raj\u00e1nlatot! T\u0171zifa \u00e9rt\u00e9kes\u00edt\u00e9s, emel\u0151kosaras aut\u00f3k b\u00e9rbead\u00e1sa, \u00e1gdar\u00e1l\u00e1s, z\u00f6ldter\u00fclet kezel\u00e9s, vesz\u00e9lyes f\u00e1k kiv\u00e1g\u00e1sa Veszpr\u00e9m megy\u00e9ben.","og_url":"https:\/\/bajafa.hu\/?page_id=10751","og_site_name":"B\u00c1-JA-FA","article_publisher":"https:\/\/www.facebook.com\/emelokosarasautoberbeadas\/","article_modified_time":"2023-09-11T19:52:28+00:00","og_image":[{"width":1024,"height":640,"url":"http:\/\/bajafa.hu\/wp-content\/uploads\/2023\/09\/logo-1024x640.png","type":"image\/png"}],"twitter_card":"summary_large_image","twitter_misc":{"Becs\u00fclt olvas\u00e1si id\u0151":"1 perc"},"schema":{"@context":"https:\/\/schema.org","@graph":[{"@type":["WebPage","ContactPage"],"@id":"https:\/\/bajafa.hu\/?page_id=10751","url":"https:\/\/bajafa.hu\/?page_id=10751","name":"Kapcsolat - B\u00c1-JA-FA - T\u0171zifa - Emel\u0151kosaras aut\u00f3 - Veszpr\u00e9m megy\u00e9ben","isPartOf":{"@id":"https:\/\/bajafa.hu\/#website"},"primaryImageOfPage":{"@id":"https:\/\/bajafa.hu\/?page_id=10751#primaryimage"},"image":{"@id":"https:\/\/bajafa.hu\/?page_id=10751#primaryimage"},"thumbnailUrl":"https:\/\/bajafa.hu\/wp-content\/uploads\/2023\/09\/logo.png","datePublished":"2016-03-07T02:10:46+00:00","dateModified":"2023-09-11T19:52:28+00:00","description":"L\u00e9pjen vel\u00fcnk kapcsolatba \u00e9s k\u00e9rjen ingyenes \u00e1raj\u00e1nlatot! T\u0171zifa \u00e9rt\u00e9kes\u00edt\u00e9s, emel\u0151kosaras aut\u00f3k b\u00e9rbead\u00e1sa, \u00e1gdar\u00e1l\u00e1s, z\u00f6ldter\u00fclet kezel\u00e9s, vesz\u00e9lyes f\u00e1k kiv\u00e1g\u00e1sa Veszpr\u00e9m megy\u00e9ben.","breadcrumb":{"@id":"https:\/\/bajafa.hu\/?page_id=10751#breadcrumb"},"inLanguage":"hu","potentialAction":[{"@type":"ReadAction","target":["https:\/\/bajafa.hu\/?page_id=10751"]}]},{"@type":"ImageObject","inLanguage":"hu","@id":"https:\/\/bajafa.hu\/?page_id=10751#primaryimage","url":"https:\/\/bajafa.hu\/wp-content\/uploads\/2023\/09\/logo.png","contentUrl":"https:\/\/bajafa.hu\/wp-content\/uploads\/2023\/09\/logo.png","width":3072,"height":1920,"caption":"B\u00c1-JA-FA Kft - G\u00e9p park"},{"@type":"BreadcrumbList","@id":"https:\/\/bajafa.hu\/?page_id=10751#breadcrumb","itemListElement":[{"@type":"ListItem","position":1,"name":"Kezd\u0151lap","item":"https:\/\/bajafa.hu\/"},{"@type":"ListItem","position":2,"name":"Kapcsolat"}]},{"@type":"WebSite","@id":"https:\/\/bajafa.hu\/#website","url":"https:\/\/bajafa.hu\/","name":"B\u00c1-JA-FA","description":"Ha baj a fa akkor, B\u00c1-JA-FA!","publisher":{"@id":"https:\/\/bajafa.hu\/#organization"},"potentialAction":[{"@type":"SearchAction","target":{"@type":"EntryPoint","urlTemplate":"https:\/\/bajafa.hu\/?s={search_term_string}"},"query-input":{"@type":"PropertyValueSpecification","valueRequired":true,"valueName":"search_term_string"}}],"inLanguage":"hu"},{"@type":"Organization","@id":"https:\/\/bajafa.hu\/#organization","name":"B\u00c1-JA-FA Kft","url":"https:\/\/bajafa.hu\/","logo":{"@type":"ImageObject","inLanguage":"hu","@id":"https:\/\/bajafa.hu\/#\/schema\/logo\/image\/","url":"https:\/\/bajafa.hu\/wp-content\/uploads\/2019\/05\/logo_zold.png","contentUrl":"https:\/\/bajafa.hu\/wp-content\/uploads\/2019\/05\/logo_zold.png","width":706,"height":828,"caption":"B\u00c1-JA-FA Kft"},"image":{"@id":"https:\/\/bajafa.hu\/#\/schema\/logo\/image\/"},"sameAs":["https:\/\/www.facebook.com\/emelokosarasautoberbeadas\/","https:\/\/www.instagram.com\/emelokosarasauto\/","https:\/\/www.tiktok.com\/@bajafa","https:\/\/youtube.com\/@fakivagasagdaralastuskomar1392?si=vGZD5QrzLjsxsqRu"]}]}},"_links":{"self":[{"href":"https:\/\/bajafa.hu\/index.php?rest_route=\/wp\/v2\/pages\/10751","targetHints":{"allow":["GET"]}}],"collection":[{"href":"https:\/\/bajafa.hu\/index.php?rest_route=\/wp\/v2\/pages"}],"about":[{"href":"https:\/\/bajafa.hu\/index.php?rest_route=\/wp\/v2\/types\/page"}],"author":[{"embeddable":true,"href":"https:\/\/bajafa.hu\/index.php?rest_route=\/wp\/v2\/users\/1"}],"replies":[{"embeddable":true,"href":"https:\/\/bajafa.hu\/index.php?rest_route=%2Fwp%2Fv2%2Fcomments&post=10751"}],"version-history":[{"count":14,"href":"https:\/\/bajafa.hu\/index.php?rest_route=\/wp\/v2\/pages\/10751\/revisions"}],"predecessor-version":[{"id":11342,"href":"https:\/\/bajafa.hu\/index.php?rest_route=\/wp\/v2\/pages\/10751\/revisions\/11342"}],"wp:featuredmedia":[{"embeddable":true,"href":"https:\/\/bajafa.hu\/index.php?rest_route=\/wp\/v2\/media\/11326"}],"wp:attachment":[{"href":"https:\/\/bajafa.hu\/index.php?rest_route=%2Fwp%2Fv2%2Fmedia&parent=10751"}],"curies":[{"name":"wp","href":"https:\/\/api.w.org\/{rel}","templated":true}]}}