{"id":3,"date":"2023-08-28T18:41:36","date_gmt":"2023-08-28T16:41:36","guid":{"rendered":"http:\/\/bajafa.hu\/?page_id=3"},"modified":"2023-09-10T18:58:24","modified_gmt":"2023-09-10T16:58:24","slug":"adatkezelesi-tajekoztato","status":"publish","type":"page","link":"https:\/\/bajafa.hu\/?page_id=3","title":{"rendered":"Adatkezel\u00e9si t\u00e1j\u00e9koztat\u00f3"},"content":{"rendered":"\n<h2 class=\"wp-block-heading\">Kik vagyunk<\/h2>\n\n\n\n<p><strong class=\"privacy-policy-tutorial\">Javasolt sz\u00f6veg: <\/strong>A weboldalunk c\u00edme: http:\/\/bajafa.hu.<\/p>\n\n\n\n<h2 class=\"wp-block-heading\">Hozz\u00e1sz\u00f3l\u00e1sok<\/h2>\n\n\n\n<p>Hozz\u00e1sz\u00f3l\u00e1s bek\u00fcld\u00e9sekor a hozz\u00e1sz\u00f3l\u00e1si \u0171rlapban megadottakon k\u00edv\u00fcl begy\u0171jt\u00e9sre ker\u00fcl a hozz\u00e1sz\u00f3l\u00f3 IP c\u00edme \u00e9s a b\u00f6ng\u00e9sz\u0151azonos\u00edt\u00f3 karakterl\u00e1nc a k\u00e9retlen tartalmak kisz\u0171r\u00e9se c\u00e9lj\u00e1b\u00f3l.<\/p>\n\n\n\n<p>Egy szem\u00e9lytelen\u00edtett, az e-mail c\u00edmb\u0151l el\u0151\u00e1ll\u00edtott karakterl\u00e1nc (hashnek szok\u00e1s nevezni) ker\u00fcl tov\u00e1bb\u00edt\u00e1sra a Gravatar szolg\u00e1ltat\u00e1s fel\u00e9, ha ez az oldalon haszn\u00e1latban van. A Gravatar szolg\u00e1ltat\u00e1s felt\u00e9telei az al\u00e1bbi c\u00edmen tekinthet\u0151ek meg: https:\/\/automattic.com\/privacy\/. A hozz\u00e1sz\u00f3l\u00e1s elfogad\u00e1sa ut\u00e1n, a hozz\u00e1sz\u00f3l\u00e1sunk tartalma \u00e9s a profil k\u00e9p\u00fcnk is megjelenik nyilv\u00e1nosan.<\/p>\n\n\n\n<h2 class=\"wp-block-heading\">S\u00fctik<\/h2>\n\n\n\n<p>Ha hozz\u00e1sz\u00f3l\u00e1st \u00edrunk a honlapon, a megadott nevet, e-mail \u00e9s honlap c\u00edmet s\u00fctikben elt\u00e1roljuk. A t\u00e1rol\u00e1s a k\u00e9nyelmi c\u00e9lokat szolg\u00e1l az\u00e9rt, \u00edgy a k\u00f6vetkez\u0151 hozz\u00e1sz\u00f3l\u00e1skor ezeket a mez\u0151 adatokat nem kell kit\u00f6lteni. A s\u00fctik lej\u00e1rati ideje egy \u00e9v.<\/p>\n\n\n\n<p>Ha ell\u00e1togatunk a bejelentkez\u00e9si oldalra, akkor \u00e1tmeneti s\u00fctiket \u00e1ll\u00edtunk be annak \u00e9rdek\u00e9ben, hogy meg\u00e1llap\u00edtsuk, hogy a b\u00f6ng\u00e9sz\u0151 elfogadja-e a s\u00fctiket. Ezek a s\u00fctik nem tartalmaznak szem\u00e9lyes inform\u00e1ci\u00f3t, \u00e9s t\u00f6rl\u0151dnek, ahogy bez\u00e1rjuk a b\u00f6ng\u00e9sz\u0151t.<\/p>\n\n\n\n<p>A honlapra t\u00f6rt\u00e9n\u0151 bejelentkez\u00e9skor t\u00f6bb s\u00fctit hozunk l\u00e9tre, amely elmenti a bejelentkez\u00e9si inform\u00e1ci\u00f3t \u00e9s a szerkeszt\u0151fel\u00fclet megjelen\u00edt\u00e9si opci\u00f3it. A bejelentkez\u00e9si s\u00fctik k\u00e9t napig \u00e9rv\u00e9nyesek, a szerkeszt\u0151fel\u00fclet k\u00e9perny\u0151 opci\u00f3it t\u00e1rol\u00f3 s\u00fcti egy \u00e9vig. Amennyiben az &#8222;Eml\u00e9kezz r\u00e1m&#8221; opci\u00f3t bejel\u00f6lj\u00fck, a bejelentkez\u00e9s k\u00e9t h\u00e9tig folytat\u00f3dik. Kijelentkez\u00e9skor a bejelentkez\u00e9si s\u00fctik elt\u00e1vol\u00edt\u00e1sra ker\u00fclnek.<\/p>\n\n\n\n<p>Amennyiben bejegyz\u00e9st vagy oldalt szerkeszt\u00fcnk, egy \u00fajabb s\u00fctit t\u00e1rol el a b\u00f6ng\u00e9sz\u0151nk. Ez a s\u00fcti nem tartalmaz szem\u00e9lyes adatot, egyszer\u0171en csak a bejegyz\u00e9s azonos\u00edt\u00f3 sz\u00e1m\u00e1t t\u00e1rolja, amelyet szerkesztett\u00fcnk. Egy nap m\u00falva j\u00e1r le az \u00e9rv\u00e9nyess\u00e9ge.<\/p>\n\n\n\n<h2 class=\"wp-block-heading\">M\u00e1s honlapokr\u00f3l sz\u00e1rmaz\u00f3 be\u00e1gyazott tartalmak<\/h2>\n\n\n\n<p>A honlapon el\u00e9rhet\u0151 bejegyz\u00e9sek k\u00fcls\u0151 forr\u00e1sb\u00f3l sz\u00e1rmaz\u00f3 be\u00e1gyazott tartalmakat (pl. vide\u00f3k, k\u00e9pek, cikkek stb.) haszn\u00e1lhatnak. A k\u00fcls\u0151 forr\u00e1sb\u00f3l sz\u00e1rmaz\u00f3 be\u00e1gyazott tartalmak pontosan \u00fagy viselkednek, mintha megl\u00e1togattunk volna egy m\u00e1sik honlapot.<\/p>\n\n\n\n<p>Ezek a webhelyek lehets\u00e9ges, hogy adatot gy\u0171jtenek a l\u00e1togat\u00f3kr\u00f3l, s\u00fctiket vagy harmadik f\u00e9lt\u0151l sz\u00e1rmaz\u00f3 k\u00f6vet\u0151k\u00f3dot haszn\u00e1lnak, figyelik a be\u00e1gyazott tartalommal kapcsolatos felhaszn\u00e1l\u00f3i viselked\u00e9st, ha rendelkez\u00fcnk felhaszn\u00e1l\u00f3i fi\u00f3kkal \u00e9s be vagyunk jelentkezve az oldalra.<\/p>\n\n\n\n<h2 class=\"wp-block-heading\">Kivel osztjuk meg a felhaszn\u00e1l\u00f3i adatokat<\/h2>\n\n\n\n<p>Ha jelsz\u00f3 vissza\u00e1ll\u00edt\u00e1st k\u00e9r, akkor az IP-c\u00edmet a vissza\u00e1ll\u00edt\u00f3 e-mail tartalmazni fogja.<\/p>\n\n\n\n<h2 class=\"wp-block-heading\">Mennyi ideig \u0151rizz\u00fck a szem\u00e9lyes adatot<\/h2>\n\n\n\n<p>Ha hozz\u00e1sz\u00f3lunk, a hozz\u00e1sz\u00f3l\u00e1s \u00e9s annak metaadatai nem meghat\u00e1rozhat\u00f3 ideig a rendszerben maradnak. Ennek c\u00e9lja, hogy az \u00f6sszes ezt k\u00f6vet\u0151 b\u00e1rmely hozz\u00e1sz\u00f3l\u00e1s \u00e1ltalunk megismertt\u00e9 \u00e9s j\u00f3v\u00e1hagyott\u00e1 v\u00e1ljon, azaz ne ker\u00fclj\u00f6n fel a moder\u00e1land\u00f3 hozz\u00e1sz\u00f3l\u00e1sok list\u00e1j\u00e1ra.<\/p>\n\n\n\n<p>A honlapon regisztr\u00e1lt felhaszn\u00e1l\u00f3k (ha vannak ilyenek) szem\u00e9lyes adatai a saj\u00e1t felhaszn\u00e1l\u00f3i profiljukban is t\u00e1rol\u00e1sra ker\u00fclnek. Minden felhaszn\u00e1l\u00f3 megtekintheti, szerkesztheti vagy t\u00f6r\u00f6lheti a szem\u00e9lyes adatait b\u00e1rmikor (kiv\u00e9ve, hogy nem v\u00e1ltoztathatja meg a saj\u00e1t felhaszn\u00e1l\u00f3nev\u00e9t). A honlap rendszergazd\u00e1i ezen inform\u00e1ci\u00f3kat szint\u00e9n megtekinthetik \u00e9s szerkeszthetik.<\/p>\n\n\n\n<h2 class=\"wp-block-heading\">Milyen jogokkal rendelkezik a felhaszn\u00e1l\u00f3 a saj\u00e1t adatai kapcs\u00e1n<\/h2>\n\n\n\n<p><strong class=\"privacy-policy-tutorial\"> <\/strong>A weboldalon regisztr\u00e1lt fi\u00f3k vagy hozz\u00e1sz\u00f3l\u00e1s \u00edr\u00e1sa eset\u00e9n k\u00e9rhet\u0151 a szem\u00e9lyes adatok export f\u00e1jlban t\u00f6rt\u00e9n\u0151 megk\u00fcld\u00e9se, amely b\u00e1rmilyen adatot tartalmaz, amit kor\u00e1bban a felhaszn\u00e1l\u00f3 rendelkez\u00e9s\u00fcnkre bocs\u00e1tott. K\u00e9rhet\u0151 tov\u00e1bb\u00e1, hogy b\u00e1rmilyen kor\u00e1bban megadott szem\u00e9lyes adatot t\u00f6r\u00f6lj\u00fck. Ez nem vonatkozik azokra az adatokra, amelyeket adminisztr\u00e1ci\u00f3s, jogi vagy biztons\u00e1gi okokb\u00f3l k\u00f6telez\u0151 meg\u0151rizn\u00fcnk.<\/p>\n","protected":false},"excerpt":{"rendered":"<p>Kik vagyunk Javasolt sz\u00f6veg: A weboldalunk c\u00edme: http:\/\/bajafa.hu. Hozz\u00e1sz\u00f3l\u00e1sok Hozz\u00e1sz\u00f3l\u00e1s bek\u00fcld\u00e9sekor a hozz\u00e1sz\u00f3l\u00e1si \u0171rlapban megadottakon k\u00edv\u00fcl begy\u0171jt\u00e9sre ker\u00fcl a hozz\u00e1sz\u00f3l\u00f3 IP c\u00edme \u00e9s a b\u00f6ng\u00e9sz\u0151azonos\u00edt\u00f3 karakterl\u00e1nc a k\u00e9retlen tartalmak kisz\u0171r\u00e9se c\u00e9lj\u00e1b\u00f3l. Egy szem\u00e9lytelen\u00edtett, az e-mail c\u00edmb\u0151l el\u0151\u00e1ll\u00edtott karakterl\u00e1nc (hashnek szok\u00e1s nevezni) ker\u00fcl tov\u00e1bb\u00edt\u00e1sra a Gravatar szolg\u00e1ltat\u00e1s fel\u00e9, ha ez az oldalon haszn\u00e1latban van. A Gravatar [&hellip;]<\/p>\n","protected":false},"author":1,"featured_media":11326,"parent":0,"menu_order":0,"comment_status":"closed","ping_status":"closed","template":"","meta":{"footnotes":""},"class_list":["post-3","page","type-page","status-publish","has-post-thumbnail","hentry"],"yoast_head":"<!-- This site is optimized with the Yoast SEO plugin v27.3 - https:\/\/yoast.com\/product\/yoast-seo-wordpress\/ -->\n<title>Adatkezel\u00e9si t\u00e1j\u00e9koztat\u00f3 - B\u00c1-JA-FA<\/title>\n<meta name=\"description\" content=\"\u00dcdv\u00f6z\u00f6lj\u00fck a B\u00c1-JA-FA weboldal\u00e1n! T\u0171zifa \u00e9rt\u00e9kes\u00edt\u00e9s, emel\u0151kosaras aut\u00f3k b\u00e9rbead\u00e1sa, \u00e1gdar\u00e1l\u00e1s, z\u00f6ldter\u00fclet kezel\u00e9s, vesz\u00e9lyes f\u00e1k kiv\u00e1g\u00e1sa Veszpr\u00e9m megy\u00e9ben. T\u00f6bb mint 10 \u00e9ve szolg\u00e1ljuk ki \u00fcgyfeleinket. Ha BAJ a fa! A megold\u00e1s B\u00c1-JA-FA! Fedezze fel szolg\u00e1ltat\u00e1sainkat m\u00e9g ma!\" \/>\n<meta name=\"robots\" content=\"index, follow, max-snippet:-1, max-image-preview:large, max-video-preview:-1\" \/>\n<link rel=\"canonical\" href=\"https:\/\/bajafa.hu\/?page_id=3\" \/>\n<meta property=\"og:locale\" content=\"hu_HU\" \/>\n<meta property=\"og:type\" content=\"article\" \/>\n<meta property=\"og:title\" content=\"Adatkezel\u00e9si t\u00e1j\u00e9koztat\u00f3 - B\u00c1-JA-FA\" \/>\n<meta property=\"og:description\" content=\"\u00dcdv\u00f6z\u00f6lj\u00fck a B\u00c1-JA-FA weboldal\u00e1n! T\u0171zifa \u00e9rt\u00e9kes\u00edt\u00e9s, emel\u0151kosaras aut\u00f3k b\u00e9rbead\u00e1sa, \u00e1gdar\u00e1l\u00e1s, z\u00f6ldter\u00fclet kezel\u00e9s, vesz\u00e9lyes f\u00e1k kiv\u00e1g\u00e1sa Veszpr\u00e9m megy\u00e9ben. T\u00f6bb mint 10 \u00e9ve szolg\u00e1ljuk ki \u00fcgyfeleinket. Ha BAJ a fa! A megold\u00e1s B\u00c1-JA-FA! Fedezze fel szolg\u00e1ltat\u00e1sainkat m\u00e9g ma!\" \/>\n<meta property=\"og:url\" content=\"https:\/\/bajafa.hu\/?page_id=3\" \/>\n<meta property=\"og:site_name\" content=\"B\u00c1-JA-FA\" \/>\n<meta property=\"article:publisher\" content=\"https:\/\/www.facebook.com\/emelokosarasautoberbeadas\/\" \/>\n<meta property=\"article:modified_time\" content=\"2023-09-10T16:58:24+00:00\" \/>\n<meta property=\"og:image\" content=\"http:\/\/bajafa.hu\/wp-content\/uploads\/2023\/09\/logo-1024x640.png\" \/>\n\t<meta property=\"og:image:width\" content=\"1024\" \/>\n\t<meta property=\"og:image:height\" content=\"640\" \/>\n\t<meta property=\"og:image:type\" content=\"image\/png\" \/>\n<meta name=\"twitter:card\" content=\"summary_large_image\" \/>\n<meta name=\"twitter:label1\" content=\"Becs\u00fclt olvas\u00e1si id\u0151\" \/>\n\t<meta name=\"twitter:data1\" content=\"3 perc\" \/>\n<script type=\"application\/ld+json\" class=\"yoast-schema-graph\">{\"@context\":\"https:\\\/\\\/schema.org\",\"@graph\":[{\"@type\":\"WebPage\",\"@id\":\"https:\\\/\\\/bajafa.hu\\\/?page_id=3\",\"url\":\"https:\\\/\\\/bajafa.hu\\\/?page_id=3\",\"name\":\"Adatkezel\u00e9si t\u00e1j\u00e9koztat\u00f3 - B\u00c1-JA-FA\",\"isPartOf\":{\"@id\":\"https:\\\/\\\/bajafa.hu\\\/#website\"},\"primaryImageOfPage\":{\"@id\":\"https:\\\/\\\/bajafa.hu\\\/?page_id=3#primaryimage\"},\"image\":{\"@id\":\"https:\\\/\\\/bajafa.hu\\\/?page_id=3#primaryimage\"},\"thumbnailUrl\":\"https:\\\/\\\/bajafa.hu\\\/wp-content\\\/uploads\\\/2023\\\/09\\\/logo.png\",\"datePublished\":\"2023-08-28T16:41:36+00:00\",\"dateModified\":\"2023-09-10T16:58:24+00:00\",\"description\":\"\u00dcdv\u00f6z\u00f6lj\u00fck a B\u00c1-JA-FA weboldal\u00e1n! T\u0171zifa \u00e9rt\u00e9kes\u00edt\u00e9s, emel\u0151kosaras aut\u00f3k b\u00e9rbead\u00e1sa, \u00e1gdar\u00e1l\u00e1s, z\u00f6ldter\u00fclet kezel\u00e9s, vesz\u00e9lyes f\u00e1k kiv\u00e1g\u00e1sa Veszpr\u00e9m megy\u00e9ben. T\u00f6bb mint 10 \u00e9ve szolg\u00e1ljuk ki \u00fcgyfeleinket. Ha BAJ a fa! A megold\u00e1s B\u00c1-JA-FA! Fedezze fel szolg\u00e1ltat\u00e1sainkat m\u00e9g ma!\",\"breadcrumb\":{\"@id\":\"https:\\\/\\\/bajafa.hu\\\/?page_id=3#breadcrumb\"},\"inLanguage\":\"hu\",\"potentialAction\":[{\"@type\":\"ReadAction\",\"target\":[\"https:\\\/\\\/bajafa.hu\\\/?page_id=3\"]}]},{\"@type\":\"ImageObject\",\"inLanguage\":\"hu\",\"@id\":\"https:\\\/\\\/bajafa.hu\\\/?page_id=3#primaryimage\",\"url\":\"https:\\\/\\\/bajafa.hu\\\/wp-content\\\/uploads\\\/2023\\\/09\\\/logo.png\",\"contentUrl\":\"https:\\\/\\\/bajafa.hu\\\/wp-content\\\/uploads\\\/2023\\\/09\\\/logo.png\",\"width\":3072,\"height\":1920,\"caption\":\"B\u00c1-JA-FA Kft - G\u00e9p park\"},{\"@type\":\"BreadcrumbList\",\"@id\":\"https:\\\/\\\/bajafa.hu\\\/?page_id=3#breadcrumb\",\"itemListElement\":[{\"@type\":\"ListItem\",\"position\":1,\"name\":\"Kezd\u0151lap\",\"item\":\"https:\\\/\\\/bajafa.hu\\\/\"},{\"@type\":\"ListItem\",\"position\":2,\"name\":\"Adatkezel\u00e9si t\u00e1j\u00e9koztat\u00f3\"}]},{\"@type\":\"WebSite\",\"@id\":\"https:\\\/\\\/bajafa.hu\\\/#website\",\"url\":\"https:\\\/\\\/bajafa.hu\\\/\",\"name\":\"B\u00c1-JA-FA\",\"description\":\"Ha baj a fa akkor, B\u00c1-JA-FA!\",\"publisher\":{\"@id\":\"https:\\\/\\\/bajafa.hu\\\/#organization\"},\"potentialAction\":[{\"@type\":\"SearchAction\",\"target\":{\"@type\":\"EntryPoint\",\"urlTemplate\":\"https:\\\/\\\/bajafa.hu\\\/?s={search_term_string}\"},\"query-input\":{\"@type\":\"PropertyValueSpecification\",\"valueRequired\":true,\"valueName\":\"search_term_string\"}}],\"inLanguage\":\"hu\"},{\"@type\":\"Organization\",\"@id\":\"https:\\\/\\\/bajafa.hu\\\/#organization\",\"name\":\"B\u00c1-JA-FA Kft\",\"url\":\"https:\\\/\\\/bajafa.hu\\\/\",\"logo\":{\"@type\":\"ImageObject\",\"inLanguage\":\"hu\",\"@id\":\"https:\\\/\\\/bajafa.hu\\\/#\\\/schema\\\/logo\\\/image\\\/\",\"url\":\"https:\\\/\\\/bajafa.hu\\\/wp-content\\\/uploads\\\/2019\\\/05\\\/logo_zold.png\",\"contentUrl\":\"https:\\\/\\\/bajafa.hu\\\/wp-content\\\/uploads\\\/2019\\\/05\\\/logo_zold.png\",\"width\":706,\"height\":828,\"caption\":\"B\u00c1-JA-FA Kft\"},\"image\":{\"@id\":\"https:\\\/\\\/bajafa.hu\\\/#\\\/schema\\\/logo\\\/image\\\/\"},\"sameAs\":[\"https:\\\/\\\/www.facebook.com\\\/emelokosarasautoberbeadas\\\/\",\"https:\\\/\\\/www.instagram.com\\\/emelokosarasauto\\\/\",\"https:\\\/\\\/www.tiktok.com\\\/@bajafa\",\"https:\\\/\\\/youtube.com\\\/@fakivagasagdaralastuskomar1392?si=vGZD5QrzLjsxsqRu\"]}]}<\/script>\n<!-- \/ Yoast SEO plugin. -->","yoast_head_json":{"title":"Adatkezel\u00e9si t\u00e1j\u00e9koztat\u00f3 - B\u00c1-JA-FA","description":"\u00dcdv\u00f6z\u00f6lj\u00fck a B\u00c1-JA-FA weboldal\u00e1n! T\u0171zifa \u00e9rt\u00e9kes\u00edt\u00e9s, emel\u0151kosaras aut\u00f3k b\u00e9rbead\u00e1sa, \u00e1gdar\u00e1l\u00e1s, z\u00f6ldter\u00fclet kezel\u00e9s, vesz\u00e9lyes f\u00e1k kiv\u00e1g\u00e1sa Veszpr\u00e9m megy\u00e9ben. T\u00f6bb mint 10 \u00e9ve szolg\u00e1ljuk ki \u00fcgyfeleinket. Ha BAJ a fa! A megold\u00e1s B\u00c1-JA-FA! Fedezze fel szolg\u00e1ltat\u00e1sainkat m\u00e9g ma!","robots":{"index":"index","follow":"follow","max-snippet":"max-snippet:-1","max-image-preview":"max-image-preview:large","max-video-preview":"max-video-preview:-1"},"canonical":"https:\/\/bajafa.hu\/?page_id=3","og_locale":"hu_HU","og_type":"article","og_title":"Adatkezel\u00e9si t\u00e1j\u00e9koztat\u00f3 - B\u00c1-JA-FA","og_description":"\u00dcdv\u00f6z\u00f6lj\u00fck a B\u00c1-JA-FA weboldal\u00e1n! T\u0171zifa \u00e9rt\u00e9kes\u00edt\u00e9s, emel\u0151kosaras aut\u00f3k b\u00e9rbead\u00e1sa, \u00e1gdar\u00e1l\u00e1s, z\u00f6ldter\u00fclet kezel\u00e9s, vesz\u00e9lyes f\u00e1k kiv\u00e1g\u00e1sa Veszpr\u00e9m megy\u00e9ben. T\u00f6bb mint 10 \u00e9ve szolg\u00e1ljuk ki \u00fcgyfeleinket. Ha BAJ a fa! A megold\u00e1s B\u00c1-JA-FA! Fedezze fel szolg\u00e1ltat\u00e1sainkat m\u00e9g ma!","og_url":"https:\/\/bajafa.hu\/?page_id=3","og_site_name":"B\u00c1-JA-FA","article_publisher":"https:\/\/www.facebook.com\/emelokosarasautoberbeadas\/","article_modified_time":"2023-09-10T16:58:24+00:00","og_image":[{"width":1024,"height":640,"url":"http:\/\/bajafa.hu\/wp-content\/uploads\/2023\/09\/logo-1024x640.png","type":"image\/png"}],"twitter_card":"summary_large_image","twitter_misc":{"Becs\u00fclt olvas\u00e1si id\u0151":"3 perc"},"schema":{"@context":"https:\/\/schema.org","@graph":[{"@type":"WebPage","@id":"https:\/\/bajafa.hu\/?page_id=3","url":"https:\/\/bajafa.hu\/?page_id=3","name":"Adatkezel\u00e9si t\u00e1j\u00e9koztat\u00f3 - B\u00c1-JA-FA","isPartOf":{"@id":"https:\/\/bajafa.hu\/#website"},"primaryImageOfPage":{"@id":"https:\/\/bajafa.hu\/?page_id=3#primaryimage"},"image":{"@id":"https:\/\/bajafa.hu\/?page_id=3#primaryimage"},"thumbnailUrl":"https:\/\/bajafa.hu\/wp-content\/uploads\/2023\/09\/logo.png","datePublished":"2023-08-28T16:41:36+00:00","dateModified":"2023-09-10T16:58:24+00:00","description":"\u00dcdv\u00f6z\u00f6lj\u00fck a B\u00c1-JA-FA weboldal\u00e1n! T\u0171zifa \u00e9rt\u00e9kes\u00edt\u00e9s, emel\u0151kosaras aut\u00f3k b\u00e9rbead\u00e1sa, \u00e1gdar\u00e1l\u00e1s, z\u00f6ldter\u00fclet kezel\u00e9s, vesz\u00e9lyes f\u00e1k kiv\u00e1g\u00e1sa Veszpr\u00e9m megy\u00e9ben. T\u00f6bb mint 10 \u00e9ve szolg\u00e1ljuk ki \u00fcgyfeleinket. Ha BAJ a fa! A megold\u00e1s B\u00c1-JA-FA! Fedezze fel szolg\u00e1ltat\u00e1sainkat m\u00e9g ma!","breadcrumb":{"@id":"https:\/\/bajafa.hu\/?page_id=3#breadcrumb"},"inLanguage":"hu","potentialAction":[{"@type":"ReadAction","target":["https:\/\/bajafa.hu\/?page_id=3"]}]},{"@type":"ImageObject","inLanguage":"hu","@id":"https:\/\/bajafa.hu\/?page_id=3#primaryimage","url":"https:\/\/bajafa.hu\/wp-content\/uploads\/2023\/09\/logo.png","contentUrl":"https:\/\/bajafa.hu\/wp-content\/uploads\/2023\/09\/logo.png","width":3072,"height":1920,"caption":"B\u00c1-JA-FA Kft - G\u00e9p park"},{"@type":"BreadcrumbList","@id":"https:\/\/bajafa.hu\/?page_id=3#breadcrumb","itemListElement":[{"@type":"ListItem","position":1,"name":"Kezd\u0151lap","item":"https:\/\/bajafa.hu\/"},{"@type":"ListItem","position":2,"name":"Adatkezel\u00e9si t\u00e1j\u00e9koztat\u00f3"}]},{"@type":"WebSite","@id":"https:\/\/bajafa.hu\/#website","url":"https:\/\/bajafa.hu\/","name":"B\u00c1-JA-FA","description":"Ha baj a fa akkor, B\u00c1-JA-FA!","publisher":{"@id":"https:\/\/bajafa.hu\/#organization"},"potentialAction":[{"@type":"SearchAction","target":{"@type":"EntryPoint","urlTemplate":"https:\/\/bajafa.hu\/?s={search_term_string}"},"query-input":{"@type":"PropertyValueSpecification","valueRequired":true,"valueName":"search_term_string"}}],"inLanguage":"hu"},{"@type":"Organization","@id":"https:\/\/bajafa.hu\/#organization","name":"B\u00c1-JA-FA Kft","url":"https:\/\/bajafa.hu\/","logo":{"@type":"ImageObject","inLanguage":"hu","@id":"https:\/\/bajafa.hu\/#\/schema\/logo\/image\/","url":"https:\/\/bajafa.hu\/wp-content\/uploads\/2019\/05\/logo_zold.png","contentUrl":"https:\/\/bajafa.hu\/wp-content\/uploads\/2019\/05\/logo_zold.png","width":706,"height":828,"caption":"B\u00c1-JA-FA Kft"},"image":{"@id":"https:\/\/bajafa.hu\/#\/schema\/logo\/image\/"},"sameAs":["https:\/\/www.facebook.com\/emelokosarasautoberbeadas\/","https:\/\/www.instagram.com\/emelokosarasauto\/","https:\/\/www.tiktok.com\/@bajafa","https:\/\/youtube.com\/@fakivagasagdaralastuskomar1392?si=vGZD5QrzLjsxsqRu"]}]}},"_links":{"self":[{"href":"https:\/\/bajafa.hu\/index.php?rest_route=\/wp\/v2\/pages\/3","targetHints":{"allow":["GET"]}}],"collection":[{"href":"https:\/\/bajafa.hu\/index.php?rest_route=\/wp\/v2\/pages"}],"about":[{"href":"https:\/\/bajafa.hu\/index.php?rest_route=\/wp\/v2\/types\/page"}],"author":[{"embeddable":true,"href":"https:\/\/bajafa.hu\/index.php?rest_route=\/wp\/v2\/users\/1"}],"replies":[{"embeddable":true,"href":"https:\/\/bajafa.hu\/index.php?rest_route=%2Fwp%2Fv2%2Fcomments&post=3"}],"version-history":[{"count":2,"href":"https:\/\/bajafa.hu\/index.php?rest_route=\/wp\/v2\/pages\/3\/revisions"}],"predecessor-version":[{"id":11303,"href":"https:\/\/bajafa.hu\/index.php?rest_route=\/wp\/v2\/pages\/3\/revisions\/11303"}],"wp:featuredmedia":[{"embeddable":true,"href":"https:\/\/bajafa.hu\/index.php?rest_route=\/wp\/v2\/media\/11326"}],"wp:attachment":[{"href":"https:\/\/bajafa.hu\/index.php?rest_route=%2Fwp%2Fv2%2Fmedia&parent=3"}],"curies":[{"name":"wp","href":"https:\/\/api.w.org\/{rel}","templated":true}]}}