{"id":3124,"date":"2018-07-05T01:04:27","date_gmt":"2018-07-04T23:04:27","guid":{"rendered":"https:\/\/www.gavias-theme.com\/wp\/indutri\/?page_id=3124"},"modified":"2023-09-11T21:53:25","modified_gmt":"2023-09-11T19:53:25","slug":"szechenyi","status":"publish","type":"page","link":"https:\/\/bajafa.hu\/?page_id=3124","title":{"rendered":"Sz\u00e9chenyi 2020"},"content":{"rendered":"\t\t<div data-elementor-type=\"wp-post\" data-elementor-id=\"3124\" class=\"elementor elementor-3124\">\n\t\t\t\t\t\t<section class=\"elementor-section elementor-top-section elementor-element elementor-element-122c9186 elementor-section-boxed elementor-section-height-default elementor-section-height-default arrow_1_x_top arrow_1_y_left arrow_2_x_bottom arrow_2_y_right\" data-id=\"122c9186\" data-element_type=\"section\" data-e-type=\"section\">\n\t\t\t\t\t\t<div class=\"elementor-container elementor-column-gap-default\">\n\t\t\t\t\t<div class=\"elementor-column elementor-col-100 elementor-top-column elementor-element elementor-element-7e025ffe top column-style-top\" data-id=\"7e025ffe\" data-element_type=\"column\" data-e-type=\"column\">\n\t\t\t<div class=\"elementor-widget-wrap elementor-element-populated\">\n\t\t\t\t\t\t<div class=\"elementor-element elementor-element-2e5e40ce elementor-widget elementor-widget-gva-heading-block\" data-id=\"2e5e40ce\" data-element_type=\"widget\" data-e-type=\"widget\" data-widget_type=\"gva-heading-block.default\">\n\t\t\t\t<div class=\"elementor-widget-container\">\n\t\t\t\t\t<div class=\"gva-element-gva-heading-block gva-element\">   <div class=\"align-left style-1 widget gsc-heading box-align-left\">\r\n      <div class=\"content-inner\">\r\n         \r\n                  \r\n           \r\n         \r\n                     <h2 class=\"title\">\r\n               <span>Sz\u00e9chenyi 2020<\/span>\r\n            <\/h2>\r\n                  \r\n         \r\n      <\/div>\r\n   <\/div>\r\n   <div class=\"clearfix\"><\/div>\r\n<\/div>\t\t\t\t<\/div>\n\t\t\t\t<\/div>\n\t\t\t\t<div class=\"elementor-element elementor-element-bfa7044 elementor-widget elementor-widget-text-editor\" data-id=\"bfa7044\" data-element_type=\"widget\" data-e-type=\"widget\" data-widget_type=\"text-editor.default\">\n\t\t\t\t<div class=\"elementor-widget-container\">\n\t\t\t\t\t\t\t\t\t<p><strong>Kedvezm\u00e9nyezett neve:<\/strong> B\u00c1-JA-FA Kft. <br \/><strong>Projekt c\u00edme:<\/strong> &#8222;Fafeldolgoz\u00e1s fejleszt\u00e9se&#8221;<br \/><strong>Szerz\u0151d\u00f6tt t\u00e1mogat\u00e1s \u00f6sszege:<\/strong> 9 877 000 Ft<br \/><strong>T\u00e1mogat\u00e1s m\u00e9rt\u00e9ke:<\/strong> 70%<br \/><strong>Projekt tartalm\u00e1nak bemutat\u00e1sa:<\/strong> \u00c9vi 2000 k\u00f6bm\u00e9ter mennyis\u00e9g\u0171 f\u00e1t dolgozunk fel. Tavaszt\u00f3l \u0151szig nem tudunk el\u0151re gy\u00e1rtani, akkor gy\u00e1rt\u00e1s ut\u00e1n egyb\u0151l vissz\u00fck ki megrendel\u0151inkhez a megrendelt mennyis\u00e9get saj\u00e1t tulajdon\u00fa teherg\u00e9pkocsival. \u0150szt\u0151l tavaszig pedig rakt\u00e1rainkat t\u00f6ltj\u00fck fel. Az\u00e9rt gondoltuk, hogy sz\u00fcks\u00e9g lenne a t\u0171zifa has\u00edt\u00f3 automat\u00e1ra, hiszen \u00edgy r\u00f6videbb v\u00e1rakoz\u00e1si id\u0151 alatt jutna hozz\u00e1 megrendel\u0151nk a k\u00e9rt t\u0171zifa mennyis\u00e9ghez. Ellent\u00e9tben a k\u00e9zi er\u0151vel t\u00f6rt\u00e9n\u0151 megmunk\u00e1l\u00e1s sor\u00e1n sok munkav\u00e1llal\u00f3 mellett, fele annyi anyagot tudunk termelni. Nagyon neh\u00e9z erre a k\u00e9zi megmunk\u00e1l\u00e1sra munkaer\u0151t tal\u00e1lni, hiszen nem k\u00f6nny\u0171 munka, ez\u00e9rt is gondoltunk az automatiz\u00e1l\u00e1sra. V\u00e1llalkoz\u00e1sunk ezen \u00e1g\u00e1n nincs m\u00e9g meg az automatiz\u00e1l\u00e1s, ez\u00e9rt is kerest\u00fcnk olyan eszk\u00f6zt, amivel hat\u00e9konyabban tudunk dolgozni. A hossz\u00fa \u00e9vek sor\u00e1n kitapasztaltuk, hogy ezek r\u00e9gi\u00f3ban a ny\u00e1r folyam\u00e1n v\u00e1s\u00e1rolj\u00e1k meg az emberek a t\u00fczel\u0151j\u00fcket, \u00edgy az \u00e1prilist\u00f3l okt\u00f3ber v\u00e9g\u00e9ig tart\u00f3 id\u0151szakban gy\u00e1rtjuk le a teljes mennyis\u00e9g 85 %-\u00e1t. Amennyiben siker\u00fcl automatiz\u00e1lni ezen tev\u00e9kenys\u00e9get, \u00fagy sokkal t\u00f6bb v\u00e1s\u00e1rl\u00f3t tudunk r\u00f6videbb id\u0151 alatt kiszolg\u00e1lni \u00e9s nagyobb mennyis\u00e9g\u0171 \u00e1ruval tudjuk felt\u00f6lteni a rakt\u00e1rakat tavasz kezdete el\u0151tt.<br \/><strong>Projekt t\u00e9nyleges befejez\u00e9se:<\/strong> 2022.08.31.<\/p>\t\t\t\t\t\t\t\t<\/div>\n\t\t\t\t<\/div>\n\t\t\t\t\t<\/div>\n\t\t<\/div>\n\t\t\t\t\t<\/div>\n\t\t<\/section>\n\t\t\t\t<\/div>\n\t\t","protected":false},"excerpt":{"rendered":"<p>Sz\u00e9chenyi 2020 Kedvezm\u00e9nyezett neve: B\u00c1-JA-FA Kft. Projekt c\u00edme: &#8222;Fafeldolgoz\u00e1s fejleszt\u00e9se&#8221; Szerz\u0151d\u00f6tt t\u00e1mogat\u00e1s \u00f6sszege: 9 877 000 Ft T\u00e1mogat\u00e1s m\u00e9rt\u00e9ke: 70% Projekt tartalm\u00e1nak bemutat\u00e1sa: \u00c9vi 2000 k\u00f6bm\u00e9ter mennyis\u00e9g\u0171 f\u00e1t dolgozunk fel. Tavaszt\u00f3l \u0151szig nem tudunk el\u0151re gy\u00e1rtani, akkor gy\u00e1rt\u00e1s ut\u00e1n egyb\u0151l vissz\u00fck ki megrendel\u0151inkhez a megrendelt mennyis\u00e9get saj\u00e1t tulajdon\u00fa teherg\u00e9pkocsival. \u0150szt\u0151l tavaszig pedig rakt\u00e1rainkat t\u00f6ltj\u00fck fel. [&hellip;]<\/p>\n","protected":false},"author":1,"featured_media":11326,"parent":0,"menu_order":0,"comment_status":"closed","ping_status":"closed","template":"","meta":{"footnotes":""},"class_list":["post-3124","page","type-page","status-publish","has-post-thumbnail","hentry"],"yoast_head":"<!-- This site is optimized with the Yoast SEO plugin v27.3 - https:\/\/yoast.com\/product\/yoast-seo-wordpress\/ -->\n<title>Sz\u00e9chenyi 2020 - B\u00c1-JA-FA - T\u0171zifa - Emel\u0151kosaras aut\u00f3 - Veszpr\u00e9m megy\u00e9ben<\/title>\n<meta name=\"description\" content=\"Sz\u00e9chenyi 2020 programban nyert t\u00e1mogat\u00e1s a B\u00c1-JA-FA r\u00e9sz\u00e9re. T\u0171zifa \u00e9rt\u00e9kes\u00edt\u00e9s, emel\u0151kosaras aut\u00f3k b\u00e9rbead\u00e1sa, \u00e1gdar\u00e1l\u00e1s, z\u00f6ldter\u00fclet kezel\u00e9s, vesz\u00e9lyes f\u00e1k kiv\u00e1g\u00e1sa Veszpr\u00e9m megy\u00e9ben. T\u00f6bb mint 10 \u00e9ve szolg\u00e1ljuk ki \u00fcgyfeleinket. Ha BAJ a fa! A megold\u00e1s B\u00c1-JA-FA! Fedezze fel szolg\u00e1ltat\u00e1sainkat m\u00e9g ma!\" \/>\n<meta name=\"robots\" content=\"index, follow, max-snippet:-1, max-image-preview:large, max-video-preview:-1\" \/>\n<link rel=\"canonical\" href=\"https:\/\/bajafa.hu\/?page_id=3124\" \/>\n<meta property=\"og:locale\" content=\"hu_HU\" \/>\n<meta property=\"og:type\" content=\"article\" \/>\n<meta property=\"og:title\" content=\"Sz\u00e9chenyi 2020 - B\u00c1-JA-FA - T\u0171zifa - Emel\u0151kosaras aut\u00f3 - Veszpr\u00e9m megy\u00e9ben\" \/>\n<meta property=\"og:description\" content=\"Sz\u00e9chenyi 2020 programban nyert t\u00e1mogat\u00e1s a B\u00c1-JA-FA r\u00e9sz\u00e9re. T\u0171zifa \u00e9rt\u00e9kes\u00edt\u00e9s, emel\u0151kosaras aut\u00f3k b\u00e9rbead\u00e1sa, \u00e1gdar\u00e1l\u00e1s, z\u00f6ldter\u00fclet kezel\u00e9s, vesz\u00e9lyes f\u00e1k kiv\u00e1g\u00e1sa Veszpr\u00e9m megy\u00e9ben. T\u00f6bb mint 10 \u00e9ve szolg\u00e1ljuk ki \u00fcgyfeleinket. Ha BAJ a fa! A megold\u00e1s B\u00c1-JA-FA! Fedezze fel szolg\u00e1ltat\u00e1sainkat m\u00e9g ma!\" \/>\n<meta property=\"og:url\" content=\"https:\/\/bajafa.hu\/?page_id=3124\" \/>\n<meta property=\"og:site_name\" content=\"B\u00c1-JA-FA\" \/>\n<meta property=\"article:publisher\" content=\"https:\/\/www.facebook.com\/emelokosarasautoberbeadas\/\" \/>\n<meta property=\"article:modified_time\" content=\"2023-09-11T19:53:25+00:00\" \/>\n<meta property=\"og:image\" content=\"http:\/\/bajafa.hu\/wp-content\/uploads\/2023\/09\/logo-1024x640.png\" \/>\n\t<meta property=\"og:image:width\" content=\"1024\" \/>\n\t<meta property=\"og:image:height\" content=\"640\" \/>\n\t<meta property=\"og:image:type\" content=\"image\/png\" \/>\n<meta name=\"twitter:card\" content=\"summary_large_image\" \/>\n<meta name=\"twitter:label1\" content=\"Becs\u00fclt olvas\u00e1si id\u0151\" \/>\n\t<meta name=\"twitter:data1\" content=\"2 perc\" \/>\n<script type=\"application\/ld+json\" class=\"yoast-schema-graph\">{\"@context\":\"https:\\\/\\\/schema.org\",\"@graph\":[{\"@type\":\"WebPage\",\"@id\":\"https:\\\/\\\/bajafa.hu\\\/?page_id=3124\",\"url\":\"https:\\\/\\\/bajafa.hu\\\/?page_id=3124\",\"name\":\"Sz\u00e9chenyi 2020 - B\u00c1-JA-FA - T\u0171zifa - Emel\u0151kosaras aut\u00f3 - Veszpr\u00e9m megy\u00e9ben\",\"isPartOf\":{\"@id\":\"https:\\\/\\\/bajafa.hu\\\/#website\"},\"primaryImageOfPage\":{\"@id\":\"https:\\\/\\\/bajafa.hu\\\/?page_id=3124#primaryimage\"},\"image\":{\"@id\":\"https:\\\/\\\/bajafa.hu\\\/?page_id=3124#primaryimage\"},\"thumbnailUrl\":\"https:\\\/\\\/bajafa.hu\\\/wp-content\\\/uploads\\\/2023\\\/09\\\/logo.png\",\"datePublished\":\"2018-07-04T23:04:27+00:00\",\"dateModified\":\"2023-09-11T19:53:25+00:00\",\"description\":\"Sz\u00e9chenyi 2020 programban nyert t\u00e1mogat\u00e1s a B\u00c1-JA-FA r\u00e9sz\u00e9re. T\u0171zifa \u00e9rt\u00e9kes\u00edt\u00e9s, emel\u0151kosaras aut\u00f3k b\u00e9rbead\u00e1sa, \u00e1gdar\u00e1l\u00e1s, z\u00f6ldter\u00fclet kezel\u00e9s, vesz\u00e9lyes f\u00e1k kiv\u00e1g\u00e1sa Veszpr\u00e9m megy\u00e9ben. T\u00f6bb mint 10 \u00e9ve szolg\u00e1ljuk ki \u00fcgyfeleinket. Ha BAJ a fa! A megold\u00e1s B\u00c1-JA-FA! Fedezze fel szolg\u00e1ltat\u00e1sainkat m\u00e9g ma!\",\"breadcrumb\":{\"@id\":\"https:\\\/\\\/bajafa.hu\\\/?page_id=3124#breadcrumb\"},\"inLanguage\":\"hu\",\"potentialAction\":[{\"@type\":\"ReadAction\",\"target\":[\"https:\\\/\\\/bajafa.hu\\\/?page_id=3124\"]}]},{\"@type\":\"ImageObject\",\"inLanguage\":\"hu\",\"@id\":\"https:\\\/\\\/bajafa.hu\\\/?page_id=3124#primaryimage\",\"url\":\"https:\\\/\\\/bajafa.hu\\\/wp-content\\\/uploads\\\/2023\\\/09\\\/logo.png\",\"contentUrl\":\"https:\\\/\\\/bajafa.hu\\\/wp-content\\\/uploads\\\/2023\\\/09\\\/logo.png\",\"width\":3072,\"height\":1920,\"caption\":\"B\u00c1-JA-FA Kft - G\u00e9p park\"},{\"@type\":\"BreadcrumbList\",\"@id\":\"https:\\\/\\\/bajafa.hu\\\/?page_id=3124#breadcrumb\",\"itemListElement\":[{\"@type\":\"ListItem\",\"position\":1,\"name\":\"Kezd\u0151lap\",\"item\":\"https:\\\/\\\/bajafa.hu\\\/\"},{\"@type\":\"ListItem\",\"position\":2,\"name\":\"Sz\u00e9chenyi 2020\"}]},{\"@type\":\"WebSite\",\"@id\":\"https:\\\/\\\/bajafa.hu\\\/#website\",\"url\":\"https:\\\/\\\/bajafa.hu\\\/\",\"name\":\"B\u00c1-JA-FA\",\"description\":\"Ha baj a fa akkor, B\u00c1-JA-FA!\",\"publisher\":{\"@id\":\"https:\\\/\\\/bajafa.hu\\\/#organization\"},\"potentialAction\":[{\"@type\":\"SearchAction\",\"target\":{\"@type\":\"EntryPoint\",\"urlTemplate\":\"https:\\\/\\\/bajafa.hu\\\/?s={search_term_string}\"},\"query-input\":{\"@type\":\"PropertyValueSpecification\",\"valueRequired\":true,\"valueName\":\"search_term_string\"}}],\"inLanguage\":\"hu\"},{\"@type\":\"Organization\",\"@id\":\"https:\\\/\\\/bajafa.hu\\\/#organization\",\"name\":\"B\u00c1-JA-FA Kft\",\"url\":\"https:\\\/\\\/bajafa.hu\\\/\",\"logo\":{\"@type\":\"ImageObject\",\"inLanguage\":\"hu\",\"@id\":\"https:\\\/\\\/bajafa.hu\\\/#\\\/schema\\\/logo\\\/image\\\/\",\"url\":\"https:\\\/\\\/bajafa.hu\\\/wp-content\\\/uploads\\\/2019\\\/05\\\/logo_zold.png\",\"contentUrl\":\"https:\\\/\\\/bajafa.hu\\\/wp-content\\\/uploads\\\/2019\\\/05\\\/logo_zold.png\",\"width\":706,\"height\":828,\"caption\":\"B\u00c1-JA-FA Kft\"},\"image\":{\"@id\":\"https:\\\/\\\/bajafa.hu\\\/#\\\/schema\\\/logo\\\/image\\\/\"},\"sameAs\":[\"https:\\\/\\\/www.facebook.com\\\/emelokosarasautoberbeadas\\\/\",\"https:\\\/\\\/www.instagram.com\\\/emelokosarasauto\\\/\",\"https:\\\/\\\/www.tiktok.com\\\/@bajafa\",\"https:\\\/\\\/youtube.com\\\/@fakivagasagdaralastuskomar1392?si=vGZD5QrzLjsxsqRu\"]}]}<\/script>\n<!-- \/ Yoast SEO plugin. -->","yoast_head_json":{"title":"Sz\u00e9chenyi 2020 - B\u00c1-JA-FA - T\u0171zifa - Emel\u0151kosaras aut\u00f3 - Veszpr\u00e9m megy\u00e9ben","description":"Sz\u00e9chenyi 2020 programban nyert t\u00e1mogat\u00e1s a B\u00c1-JA-FA r\u00e9sz\u00e9re. T\u0171zifa \u00e9rt\u00e9kes\u00edt\u00e9s, emel\u0151kosaras aut\u00f3k b\u00e9rbead\u00e1sa, \u00e1gdar\u00e1l\u00e1s, z\u00f6ldter\u00fclet kezel\u00e9s, vesz\u00e9lyes f\u00e1k kiv\u00e1g\u00e1sa Veszpr\u00e9m megy\u00e9ben. T\u00f6bb mint 10 \u00e9ve szolg\u00e1ljuk ki \u00fcgyfeleinket. Ha BAJ a fa! A megold\u00e1s B\u00c1-JA-FA! Fedezze fel szolg\u00e1ltat\u00e1sainkat m\u00e9g ma!","robots":{"index":"index","follow":"follow","max-snippet":"max-snippet:-1","max-image-preview":"max-image-preview:large","max-video-preview":"max-video-preview:-1"},"canonical":"https:\/\/bajafa.hu\/?page_id=3124","og_locale":"hu_HU","og_type":"article","og_title":"Sz\u00e9chenyi 2020 - B\u00c1-JA-FA - T\u0171zifa - Emel\u0151kosaras aut\u00f3 - Veszpr\u00e9m megy\u00e9ben","og_description":"Sz\u00e9chenyi 2020 programban nyert t\u00e1mogat\u00e1s a B\u00c1-JA-FA r\u00e9sz\u00e9re. T\u0171zifa \u00e9rt\u00e9kes\u00edt\u00e9s, emel\u0151kosaras aut\u00f3k b\u00e9rbead\u00e1sa, \u00e1gdar\u00e1l\u00e1s, z\u00f6ldter\u00fclet kezel\u00e9s, vesz\u00e9lyes f\u00e1k kiv\u00e1g\u00e1sa Veszpr\u00e9m megy\u00e9ben. T\u00f6bb mint 10 \u00e9ve szolg\u00e1ljuk ki \u00fcgyfeleinket. Ha BAJ a fa! A megold\u00e1s B\u00c1-JA-FA! Fedezze fel szolg\u00e1ltat\u00e1sainkat m\u00e9g ma!","og_url":"https:\/\/bajafa.hu\/?page_id=3124","og_site_name":"B\u00c1-JA-FA","article_publisher":"https:\/\/www.facebook.com\/emelokosarasautoberbeadas\/","article_modified_time":"2023-09-11T19:53:25+00:00","og_image":[{"width":1024,"height":640,"url":"http:\/\/bajafa.hu\/wp-content\/uploads\/2023\/09\/logo-1024x640.png","type":"image\/png"}],"twitter_card":"summary_large_image","twitter_misc":{"Becs\u00fclt olvas\u00e1si id\u0151":"2 perc"},"schema":{"@context":"https:\/\/schema.org","@graph":[{"@type":"WebPage","@id":"https:\/\/bajafa.hu\/?page_id=3124","url":"https:\/\/bajafa.hu\/?page_id=3124","name":"Sz\u00e9chenyi 2020 - B\u00c1-JA-FA - T\u0171zifa - Emel\u0151kosaras aut\u00f3 - Veszpr\u00e9m megy\u00e9ben","isPartOf":{"@id":"https:\/\/bajafa.hu\/#website"},"primaryImageOfPage":{"@id":"https:\/\/bajafa.hu\/?page_id=3124#primaryimage"},"image":{"@id":"https:\/\/bajafa.hu\/?page_id=3124#primaryimage"},"thumbnailUrl":"https:\/\/bajafa.hu\/wp-content\/uploads\/2023\/09\/logo.png","datePublished":"2018-07-04T23:04:27+00:00","dateModified":"2023-09-11T19:53:25+00:00","description":"Sz\u00e9chenyi 2020 programban nyert t\u00e1mogat\u00e1s a B\u00c1-JA-FA r\u00e9sz\u00e9re. T\u0171zifa \u00e9rt\u00e9kes\u00edt\u00e9s, emel\u0151kosaras aut\u00f3k b\u00e9rbead\u00e1sa, \u00e1gdar\u00e1l\u00e1s, z\u00f6ldter\u00fclet kezel\u00e9s, vesz\u00e9lyes f\u00e1k kiv\u00e1g\u00e1sa Veszpr\u00e9m megy\u00e9ben. T\u00f6bb mint 10 \u00e9ve szolg\u00e1ljuk ki \u00fcgyfeleinket. Ha BAJ a fa! A megold\u00e1s B\u00c1-JA-FA! Fedezze fel szolg\u00e1ltat\u00e1sainkat m\u00e9g ma!","breadcrumb":{"@id":"https:\/\/bajafa.hu\/?page_id=3124#breadcrumb"},"inLanguage":"hu","potentialAction":[{"@type":"ReadAction","target":["https:\/\/bajafa.hu\/?page_id=3124"]}]},{"@type":"ImageObject","inLanguage":"hu","@id":"https:\/\/bajafa.hu\/?page_id=3124#primaryimage","url":"https:\/\/bajafa.hu\/wp-content\/uploads\/2023\/09\/logo.png","contentUrl":"https:\/\/bajafa.hu\/wp-content\/uploads\/2023\/09\/logo.png","width":3072,"height":1920,"caption":"B\u00c1-JA-FA Kft - G\u00e9p park"},{"@type":"BreadcrumbList","@id":"https:\/\/bajafa.hu\/?page_id=3124#breadcrumb","itemListElement":[{"@type":"ListItem","position":1,"name":"Kezd\u0151lap","item":"https:\/\/bajafa.hu\/"},{"@type":"ListItem","position":2,"name":"Sz\u00e9chenyi 2020"}]},{"@type":"WebSite","@id":"https:\/\/bajafa.hu\/#website","url":"https:\/\/bajafa.hu\/","name":"B\u00c1-JA-FA","description":"Ha baj a fa akkor, B\u00c1-JA-FA!","publisher":{"@id":"https:\/\/bajafa.hu\/#organization"},"potentialAction":[{"@type":"SearchAction","target":{"@type":"EntryPoint","urlTemplate":"https:\/\/bajafa.hu\/?s={search_term_string}"},"query-input":{"@type":"PropertyValueSpecification","valueRequired":true,"valueName":"search_term_string"}}],"inLanguage":"hu"},{"@type":"Organization","@id":"https:\/\/bajafa.hu\/#organization","name":"B\u00c1-JA-FA Kft","url":"https:\/\/bajafa.hu\/","logo":{"@type":"ImageObject","inLanguage":"hu","@id":"https:\/\/bajafa.hu\/#\/schema\/logo\/image\/","url":"https:\/\/bajafa.hu\/wp-content\/uploads\/2019\/05\/logo_zold.png","contentUrl":"https:\/\/bajafa.hu\/wp-content\/uploads\/2019\/05\/logo_zold.png","width":706,"height":828,"caption":"B\u00c1-JA-FA Kft"},"image":{"@id":"https:\/\/bajafa.hu\/#\/schema\/logo\/image\/"},"sameAs":["https:\/\/www.facebook.com\/emelokosarasautoberbeadas\/","https:\/\/www.instagram.com\/emelokosarasauto\/","https:\/\/www.tiktok.com\/@bajafa","https:\/\/youtube.com\/@fakivagasagdaralastuskomar1392?si=vGZD5QrzLjsxsqRu"]}]}},"_links":{"self":[{"href":"https:\/\/bajafa.hu\/index.php?rest_route=\/wp\/v2\/pages\/3124","targetHints":{"allow":["GET"]}}],"collection":[{"href":"https:\/\/bajafa.hu\/index.php?rest_route=\/wp\/v2\/pages"}],"about":[{"href":"https:\/\/bajafa.hu\/index.php?rest_route=\/wp\/v2\/types\/page"}],"author":[{"embeddable":true,"href":"https:\/\/bajafa.hu\/index.php?rest_route=\/wp\/v2\/users\/1"}],"replies":[{"embeddable":true,"href":"https:\/\/bajafa.hu\/index.php?rest_route=%2Fwp%2Fv2%2Fcomments&post=3124"}],"version-history":[{"count":10,"href":"https:\/\/bajafa.hu\/index.php?rest_route=\/wp\/v2\/pages\/3124\/revisions"}],"predecessor-version":[{"id":11343,"href":"https:\/\/bajafa.hu\/index.php?rest_route=\/wp\/v2\/pages\/3124\/revisions\/11343"}],"wp:featuredmedia":[{"embeddable":true,"href":"https:\/\/bajafa.hu\/index.php?rest_route=\/wp\/v2\/media\/11326"}],"wp:attachment":[{"href":"https:\/\/bajafa.hu\/index.php?rest_route=%2Fwp%2Fv2%2Fmedia&parent=3124"}],"curies":[{"name":"wp","href":"https:\/\/api.w.org\/{rel}","templated":true}]}}